{"id":13,"date":"2024-10-08T01:28:19","date_gmt":"2024-10-08T01:28:19","guid":{"rendered":"https:\/\/naturaalgerica.dz\/?page_id=13"},"modified":"2025-01-23T23:48:46","modified_gmt":"2025-01-23T22:48:46","slug":"contact","status":"publish","type":"page","link":"https:\/\/naturaalgerica.dz\/en\/contact\/","title":{"rendered":"CONTACT"},"content":{"rendered":"<div class=\"wp-block-group is-content-justification-center is-layout-flex wp-container-core-group-is-layout-b4821479 wp-block-group-is-layout-flex\">\n<p class=\"has-text-align-left texte-justifie wp-container-content-5b984bb6\"><br>We would love to hear from you! Whether you have questions, suggestions, or simply want to learn more about our journal, feel free to reach out using this form.<br>If you are looking to submit your article, please visit the section&nbsp;<strong><a href=\"https:\/\/naturaalgerica.dz\/en\/soumettre-un-article\/\">Submit an Article<\/a><\/strong>&nbsp;in the dedicated menu.<\/p>\n\n\n\n<div style=\"height:100px;width:0px\" aria-hidden=\"true\" class=\"wp-block-spacer wp-container-content-b0b89ccb\"><\/div>\n\n\n\n<div class=\"wpcf7 no-js\" id=\"wpcf7-f553-o1\" lang=\"fr-FR\" dir=\"ltr\" data-wpcf7-id=\"553\">\n<div class=\"screen-reader-response\"><p role=\"status\" aria-live=\"polite\" aria-atomic=\"true\"><\/p> <ul><\/ul><\/div>\n<form action=\"\/en\/wp-json\/wp\/v2\/pages\/13#wpcf7-f553-o1\" method=\"post\" class=\"wpcf7-form init\" aria-label=\"Formulaire de contact\" novalidate=\"novalidate\" data-status=\"init\" data-trp-original-action=\"\/en\/wp-json\/wp\/v2\/pages\/13#wpcf7-f553-o1\">\n<fieldset class=\"hidden-fields-container\"><input type=\"hidden\" name=\"_wpcf7\" value=\"553\" \/><input type=\"hidden\" name=\"_wpcf7_version\" value=\"6.1.5\" \/><input type=\"hidden\" name=\"_wpcf7_locale\" value=\"fr_FR\" \/><input type=\"hidden\" name=\"_wpcf7_unit_tag\" value=\"wpcf7-f553-o1\" \/><input type=\"hidden\" name=\"_wpcf7_container_post\" value=\"0\" \/><input type=\"hidden\" name=\"_wpcf7_posted_data_hash\" value=\"\" \/>\n<\/fieldset>\n<p><label> Your first and last name<br \/>\n<span class=\"wpcf7-form-control-wrap\" data-name=\"your-name\"><input size=\"40\" maxlength=\"400\" class=\"wpcf7-form-control wpcf7-text wpcf7-validates-as-required\" autocomplete=\"name\" aria-required=\"true\" aria-invalid=\"false\" value=\"\" type=\"text\" name=\"your-name\" \/><\/span> <\/label>\n<\/p>\n<p><label> Your e-mail<br \/>\n<span class=\"wpcf7-form-control-wrap\" data-name=\"your-email\"><input size=\"40\" maxlength=\"400\" class=\"wpcf7-form-control wpcf7-email wpcf7-validates-as-required wpcf7-text wpcf7-validates-as-email\" autocomplete=\"email\" aria-required=\"true\" aria-invalid=\"false\" value=\"\" type=\"email\" name=\"your-email\" \/><\/span> <\/label>\n<\/p>\n<p><label> Subject<br \/>\n<span class=\"wpcf7-form-control-wrap\" data-name=\"your-subject\"><input size=\"40\" maxlength=\"400\" class=\"wpcf7-form-control wpcf7-text wpcf7-validates-as-required\" aria-required=\"true\" aria-invalid=\"false\" value=\"\" type=\"text\" name=\"your-subject\" \/><\/span> <\/label>\n<\/p>\n<p><label> Your message<br \/>\n<span class=\"wpcf7-form-control-wrap\" data-name=\"your-message\"><textarea cols=\"40\" rows=\"10\" maxlength=\"2000\" class=\"wpcf7-form-control wpcf7-textarea wpcf7-validates-as-required\" aria-required=\"true\" aria-invalid=\"false\" name=\"your-message\"><\/textarea><\/span> <\/label>\n<\/p>\n<p><input class=\"wpcf7-form-control wpcf7-submit has-spinner\" type=\"submit\" value=\"Submit\" \/>\n<\/p><div class=\"wpcf7-response-output\" aria-hidden=\"true\"><\/div>\n<input type=\"hidden\" name=\"trp-form-language\" value=\"en\"\/><\/form>\n<\/div>\n\n<\/div>","protected":false},"excerpt":{"rendered":"<p>Nous serions ravis de vous entendre ! Que vous ayez des questions, des suggestions ou que vous souhaitiez en savoir plus sur notre revue, n\u2019h\u00e9sitez pas \u00e0 nous contacter en utilisant ce formulaire.Si vous cherchez \u00e0 soumettre votre article, veuillez consulter la section&nbsp;Soumettre un article&nbsp;dans le menu d\u00e9di\u00e9e \u00e0 cet effet.<\/p>","protected":false},"author":1,"featured_media":0,"parent":0,"menu_order":0,"comment_status":"closed","ping_status":"closed","template":"","meta":{"_acf_changed":false,"footnotes":""},"class_list":["post-13","page","type-page","status-publish","hentry"],"blocksy_meta":[],"acf":[],"_links":{"self":[{"href":"https:\/\/naturaalgerica.dz\/en\/wp-json\/wp\/v2\/pages\/13","targetHints":{"allow":["GET"]}}],"collection":[{"href":"https:\/\/naturaalgerica.dz\/en\/wp-json\/wp\/v2\/pages"}],"about":[{"href":"https:\/\/naturaalgerica.dz\/en\/wp-json\/wp\/v2\/types\/page"}],"author":[{"embeddable":true,"href":"https:\/\/naturaalgerica.dz\/en\/wp-json\/wp\/v2\/users\/1"}],"replies":[{"embeddable":true,"href":"https:\/\/naturaalgerica.dz\/en\/wp-json\/wp\/v2\/comments?post=13"}],"version-history":[{"count":16,"href":"https:\/\/naturaalgerica.dz\/en\/wp-json\/wp\/v2\/pages\/13\/revisions"}],"predecessor-version":[{"id":2767,"href":"https:\/\/naturaalgerica.dz\/en\/wp-json\/wp\/v2\/pages\/13\/revisions\/2767"}],"wp:attachment":[{"href":"https:\/\/naturaalgerica.dz\/en\/wp-json\/wp\/v2\/media?parent=13"}],"curies":[{"name":"wp","href":"https:\/\/api.w.org\/{rel}","templated":true}]}}