{"id":32,"date":"2024-10-08T01:44:09","date_gmt":"2024-10-08T01:44:09","guid":{"rendered":"https:\/\/naturaalgerica.dz\/?page_id=32"},"modified":"2025-07-16T22:21:01","modified_gmt":"2025-07-16T21:21:01","slug":"a-propos","status":"publish","type":"page","link":"https:\/\/naturaalgerica.dz\/en\/a-propos\/","title":{"rendered":"ABOUT"},"content":{"rendered":"<h2 class=\"wp-block-heading\" id=\"revue\"><strong>About Natura Algerica Journal<\/strong><\/h2>\n\n\n\n<p class=\"texte-justifie translation-block\"><em>Natura Algerica<\/em> is an open-access scientific journal published by the environmental NGO \u00c9cocirta, which has been working since 2017 to encourage the publication of naturalist observations. Launched to address the need to document and share Algeria's rich natural heritage, the journal is dedicated to both amateurs and professionals. <em>Natura Algerica<\/em> aims to fill the gap for a local publication, allowing for a faster publishing pace and greater flexibility in themes, thus addressing the specificities of Algerian biodiversity.<\/p>\n\n\n\n<p class=\"texte-justifie\">A biannual journal, it publishes articles continuously on its website, which are then compiled into two issues per year. Contributions are open to everyone, and publications in both French and English are accepted, allowing it to reach a local and international audience.<\/p>\n\n\n\n<p><em>Through this journal, \u00c9cocirta aims to raise awareness and highlight local knowledge, offering everyone the opportunity to contribute to the documentation of Algerian biodiversity.<\/em><\/p>\n\n\n\n<h2 class=\"wp-block-heading\" id=\"organisation\"><strong>Organization of the Journal<\/strong><\/h2>\n\n\n\n<p class=\"texte-justifie\">The journal is based on a solid and volunteer-driven organization, structured around several key positions to ensure the quality of the publications and the efficient management of the journal:<\/p>\n\n\n\n<ul class=\"wp-block-list\">\n<li class=\"translation-block\"><strong>Publishing Director:<\/strong> Karim HADDAD<\/li>\n\n\n\n<li class=\"translation-block\"><strong>Editor-in-Chief:<\/strong> Errol VELA<\/li>\n\n\n\n<li><strong>Managing editor:<\/strong> CHETIBI Mehdi<\/li>\n\n\n\n<li><strong>Editorial Board:<\/strong>\n<ul class=\"wp-block-list\">\n<li><strong>HADDAD Karim<\/strong>, Docteur <a title=\"Voir le profil ORCID\" href=\"https:\/\/orcid.org\/0000-0002-6064-9472\" target=\"_blank\" rel=\"nofollow noopener\"><img decoding=\"async\" width=\"24\" style=\"vertical-align: top;\" src=\"https:\/\/naturaalgerica.dz\/wp-content\/uploads\/2024\/12\/ORCID_iD.svg\" alt=\"ORCID\"><\/a> Association \u00c9coCirta, Constantine <a href=\"https:\/\/ror.org\/04j8mn309\" target=\"_blank\" data-type=\"link\" data-id=\"https:\/\/ror.org\/04j8mn309\" rel=\"noreferrer noopener nofollow\"><img decoding=\"async\" width=\"33,668\" style=\"vertical-align: top;\" src=\"https:\/\/naturaalgerica.dz\/wp-content\/uploads\/2025\/06\/ROR.svg\" alt=\"ROR\"><\/a><\/li>\n\n\n\n<li><strong>CHETIBI Mehdi<\/strong>, Docteur <a title=\"Voir le profil ORCID\" href=\"https:\/\/orcid.org\/0009-0000-3478-4323\" target=\"_blank\" rel=\"nofollow noopener\"><img decoding=\"async\" width=\"24\" style=\"vertical-align: top;\" src=\"https:\/\/naturaalgerica.dz\/wp-content\/uploads\/2024\/12\/ORCID_iD.svg\" alt=\"ORCID\"><\/a> Association \u00c9coCirta, Constantine <a href=\"https:\/\/ror.org\/04j8mn309\" data-type=\"link\" data-id=\"https:\/\/ror.org\/04j8mn309\" target=\"_blank\" rel=\"noreferrer noopener nofollow\"><img decoding=\"async\" width=\"33,668\" style=\"vertical-align: top;\" src=\"https:\/\/naturaalgerica.dz\/wp-content\/uploads\/2025\/06\/ROR.svg\" alt=\"ROR\"><\/a><\/li>\n\n\n\n<li><strong>VELA Errol<\/strong>, Ma\u00eetre de Conf\u00e9rences <a title=\"Voir le profil ORCID\" href=\"https:\/\/orcid.org\/0000-0001-9665-8998\" target=\"_blank\" rel=\"nofollow noopener\"><img decoding=\"async\" width=\"24\" style=\"vertical-align: top;\" src=\"https:\/\/naturaalgerica.dz\/wp-content\/uploads\/2024\/12\/ORCID_iD.svg\" alt=\"ORCID\"><\/a> Universit\u00e9 de Montpellier <a title=\"Voir l&#039;affiliation\" href=\"https:\/\/ror.org\/051escj72\" target=\"_blank\" rel=\"nofollow noopener\"><img decoding=\"async\" width=\"33,668\" style=\"vertical-align: top;\" src=\"https:\/\/naturaalgerica.dz\/wp-content\/uploads\/2025\/06\/ROR.svg\" alt=\"ROR\"><\/a><\/li>\n\n\n\n<li><strong>BENDAHMANE Lotfi<\/strong>, Docteur &#8211; Association \u00c9coCirta, Constantine <a href=\"https:\/\/ror.org\/04j8mn309\" data-type=\"link\" data-id=\"https:\/\/ror.org\/04j8mn309\" target=\"_blank\" rel=\"noreferrer noopener nofollow\"><img decoding=\"async\" width=\"33,668\" style=\"vertical-align: top;\" src=\"https:\/\/naturaalgerica.dz\/wp-content\/uploads\/2025\/06\/ROR.svg\" alt=\"ROR\"><\/a><\/li>\n\n\n\n<li><strong>FERAH Saad<\/strong>, Doctorant <a title=\"Voir le profil ORCID\" href=\"https:\/\/orcid.org\/0000-0003-2432-2752\" target=\"_blank\" rel=\"nofollow noopener\"><img decoding=\"async\" width=\"24\" style=\"vertical-align: top;\" src=\"https:\/\/naturaalgerica.dz\/wp-content\/uploads\/2024\/12\/ORCID_iD.svg\" alt=\"ORCID\"><\/a> Association \u00c9coCirta, Constantine <a href=\"https:\/\/ror.org\/04j8mn309\" data-type=\"link\" data-id=\"https:\/\/ror.org\/04j8mn309\" target=\"_blank\" rel=\"noreferrer noopener nofollow\"><img decoding=\"async\" width=\"33,668\" style=\"vertical-align: top;\" src=\"https:\/\/naturaalgerica.dz\/wp-content\/uploads\/2025\/06\/ROR.svg\" alt=\"ROR\"><\/a><\/li>\n\n\n\n<li><strong>MELIANI Aziz<\/strong>, Docteur &#8211; Association \u00c9coCirta, Constantine <a href=\"https:\/\/ror.org\/04j8mn309\" data-type=\"link\" data-id=\"https:\/\/ror.org\/04j8mn309\" target=\"_blank\" rel=\"noreferrer noopener nofollow\"><img decoding=\"async\" width=\"33,668\" style=\"vertical-align: top;\" src=\"https:\/\/naturaalgerica.dz\/wp-content\/uploads\/2025\/06\/ROR.svg\" alt=\"ROR\"><\/a><br><\/li>\n<\/ul>\n<\/li>\n\n\n\n<li><strong>Scientific Committee:<\/strong> \n<ul class=\"wp-block-list\">\n<li><strong>AIT ABDESSELAM Moncef<\/strong>, Doctorant <a title=\"Voir le profil ORCID\" href=\"https:\/\/orcid.org\/0009-0009-3873-3027\" target=\"_blank\" rel=\"nofollow noopener\"><img decoding=\"async\" width=\"24\" style=\"vertical-align: top;\" src=\"https:\/\/naturaalgerica.dz\/wp-content\/uploads\/2024\/12\/ORCID_iD.svg\" alt=\"ORCID\"><\/a> Universit\u00e9 Ibn Khaldoun, Tiaret <a title=\"Voir l&#039;affiliation\" href=\"https:\/\/ror.org\/018jjaw76\" target=\"_blank\" rel=\"nofollow noopener\"><img decoding=\"async\" width=\"33,668\" style=\"vertical-align: top;\" src=\"https:\/\/naturaalgerica.dz\/wp-content\/uploads\/2025\/06\/ROR.svg\" alt=\"ROR\"><\/a><\/li>\n\n\n\n<li><strong>AMAROUAYACHE Mounia<\/strong>, Professeur <a title=\"Voir le profil ORCID\" href=\"https:\/\/orcid.org\/0000-0002-1244-0156\" target=\"_blank\" rel=\"nofollow noopener\"><img decoding=\"async\" width=\"24\" style=\"vertical-align: top;\" src=\"https:\/\/naturaalgerica.dz\/wp-content\/uploads\/2024\/12\/ORCID_iD.svg\" alt=\"ORCID\"><\/a> Universit\u00e9 Badji Mokhtar, Annaba <a title=\"Voir l&#039;affiliation\" href=\"https:\/\/ror.org\/03sf55932\" target=\"_blank\" rel=\"nofollow noopener\"><img decoding=\"async\" width=\"33,668\" style=\"vertical-align: top;\" src=\"https:\/\/naturaalgerica.dz\/wp-content\/uploads\/2025\/06\/ROR.svg\" alt=\"ROR\"><\/a><\/li>\n\n\n\n<li><strong>AOUALI Souhila<\/strong>, Chercheur permanent <a title=\"Voir le profil ORCID\" href=\"https:\/\/orcid.org\/0000-0003-3349-1312\" target=\"_blank\" rel=\"nofollow noopener\"><img decoding=\"async\" width=\"24\" style=\"vertical-align: top;\" src=\"https:\/\/naturaalgerica.dz\/wp-content\/uploads\/2024\/12\/ORCID_iD.svg\" alt=\"ORCID\"><\/a> Institut National de Recherche Foresti\u00e8re (INRF), Alger <a title=\"Voir l&#039;affiliation\" href=\"https:\/\/ror.org\/01c3h5z21\" target=\"_blank\" rel=\"nofollow noopener\"><img decoding=\"async\" width=\"33,668\" style=\"vertical-align: top;\" src=\"https:\/\/naturaalgerica.dz\/wp-content\/uploads\/2025\/06\/ROR.svg\" alt=\"ROR\"><\/a><\/li>\n\n\n\n<li><strong>BARECH Ghania<\/strong>, Professeur <a title=\"Voir le profil ORCID\" href=\"https:\/\/orcid.org\/0000-0002-7179-929X\" target=\"_blank\" rel=\"nofollow noopener\"><img decoding=\"async\" width=\"24\" style=\"vertical-align: top;\" src=\"https:\/\/naturaalgerica.dz\/wp-content\/uploads\/2024\/12\/ORCID_iD.svg\" alt=\"ORCID\"><\/a> Universit\u00e9 Mohamed Boudiaf, M&rsquo;sila <a title=\"Voir l&#039;affiliation\" href=\"https:\/\/ror.org\/055rz8d64\" target=\"_blank\" rel=\"nofollow noopener\"><img decoding=\"async\" width=\"33,668\" style=\"vertical-align: top;\" src=\"https:\/\/naturaalgerica.dz\/wp-content\/uploads\/2025\/06\/ROR.svg\" alt=\"ROR\"><\/a><\/li>\n\n\n\n<li><strong>BELBACHIR Farid<\/strong>, Ma\u00eetre-Assistant &#8211; Universit\u00e9 de B\u00e9ja\u00efa <a title=\"Voir l&#039;affiliation\" href=\"https:\/\/ror.org\/03yb2hp88\" target=\"_blank\" rel=\"nofollow noopener\"><img decoding=\"async\" width=\"33,668\" style=\"vertical-align: top;\" src=\"https:\/\/naturaalgerica.dz\/wp-content\/uploads\/2025\/06\/ROR.svg\" alt=\"ROR\"><\/a><\/li>\n\n\n\n<li><strong>BENGHANEM Abdelkader Nabil<\/strong>, Maitre de Conf\u00e9rences <a title=\"Voir le profil ORCID\" href=\"https:\/\/orcid.org\/0009-0004-7025-6105\" target=\"_blank\" rel=\"nofollow noopener\"><img decoding=\"async\" width=\"24\" style=\"vertical-align: top;\" src=\"https:\/\/naturaalgerica.dz\/wp-content\/uploads\/2024\/12\/ORCID_iD.svg\" alt=\"ORCID\"><\/a> ENSA, Alger <a title=\"Voir l&#039;affiliation\" href=\"https:\/\/ror.org\/04xbsst68\" target=\"_blank\" rel=\"nofollow noopener\"><img decoding=\"async\" width=\"33,668\" style=\"vertical-align: top;\" src=\"https:\/\/naturaalgerica.dz\/wp-content\/uploads\/2025\/06\/ROR.svg\" alt=\"ROR\"><\/a><\/li>\n\n\n\n<li><strong>BENHOUHOU Salima<\/strong>, Professeur <a title=\"Voir le profil ORCID\" href=\"https:\/\/orcid.org\/0009-0001-4232-1123\" target=\"_blank\" rel=\"nofollow noopener\"><img decoding=\"async\" width=\"24\" style=\"vertical-align: top;\" src=\"https:\/\/naturaalgerica.dz\/wp-content\/uploads\/2024\/12\/ORCID_iD.svg\" alt=\"ORCID\"><\/a> \u00c9cole Nationale Sup\u00e9rieure Agronomique (ENSA), Alger <a title=\"Voir l&#039;affiliation\" href=\"https:\/\/ror.org\/04xbsst68\" target=\"_blank\" rel=\"nofollow noopener\"><img decoding=\"async\" width=\"33,668\" style=\"vertical-align: top;\" src=\"https:\/\/naturaalgerica.dz\/wp-content\/uploads\/2025\/06\/ROR.svg\" alt=\"ROR\"><\/a><\/li>\n\n\n\n<li><strong>DJEMADI Imed<\/strong>, Docteur <a title=\"Voir le profil ORCID\" href=\"https:\/\/orcid.org\/0000-0003-1686-2337\" target=\"_blank\" rel=\"nofollow noopener\"><img decoding=\"async\" width=\"24\" style=\"vertical-align: top;\" src=\"https:\/\/naturaalgerica.dz\/wp-content\/uploads\/2024\/12\/ORCID_iD.svg\" alt=\"ORCID\"><\/a> Centre de Recherche en Environnement (CRE), Annaba <a title=\"Voir l&#039;affiliation\" href=\"https:\/\/ror.org\/026ey8z81\" target=\"_blank\" rel=\"nofollow noopener\"><img decoding=\"async\" width=\"33,668\" style=\"vertical-align: top;\" src=\"https:\/\/naturaalgerica.dz\/wp-content\/uploads\/2025\/06\/ROR.svg\" alt=\"ROR\"><\/a><\/li>\n\n\n\n<li><strong>KHALDI Mourad<\/strong>, Professeur <a title=\"Voir le profil ORCID\" href=\"https:\/\/orcid.org\/0000-0002-4914-9143\" target=\"_blank\" rel=\"nofollow noopener\"><img decoding=\"async\" width=\"24\" style=\"vertical-align: top;\" src=\"https:\/\/naturaalgerica.dz\/wp-content\/uploads\/2024\/12\/ORCID_iD.svg\" alt=\"ORCID\"><\/a> Universit\u00e9 Mohamed Boudiaf, M&rsquo;sila <a title=\"Voir l&#039;affiliation\" href=\"https:\/\/ror.org\/055rz8d64\" target=\"_blank\" rel=\"nofollow noopener\"><img decoding=\"async\" width=\"33,668\" style=\"vertical-align: top;\" src=\"https:\/\/naturaalgerica.dz\/wp-content\/uploads\/2025\/06\/ROR.svg\" alt=\"ROR\"><\/a><\/li>\n\n\n\n<li><strong>MESBAH Melilia<\/strong>, Ma\u00eetre de conf\u00e9rences <a title=\"Voir le profil ORCID\" href=\"https:\/\/orcid.org\/0009-0008-5025-8698\" target=\"_blank\" rel=\"nofollow noopener\"><img decoding=\"async\" width=\"24\" style=\"vertical-align: top;\" src=\"https:\/\/naturaalgerica.dz\/wp-content\/uploads\/2024\/12\/ORCID_iD.svg\" alt=\"ORCID\"><\/a> Universit\u00e9 de B\u00e9ja\u00efa <a title=\"Voir l&#039;affiliation\" href=\"https:\/\/ror.org\/03yb2hp88\" target=\"_blank\" rel=\"nofollow noopener\"><img decoding=\"async\" width=\"33,668\" style=\"vertical-align: top;\" src=\"https:\/\/naturaalgerica.dz\/wp-content\/uploads\/2025\/06\/ROR.svg\" alt=\"ROR\"><\/a><\/li>\n\n\n\n<li><strong>MOUEDDEN Rachid<\/strong>, Docteur &#8211; Universit\u00e9 de Sidi bel Abbes <a title=\"Voir l&#039;affiliation\" href=\"https:\/\/ror.org\/0378szg41\" target=\"_blank\" rel=\"nofollow noopener\"><img decoding=\"async\" width=\"33,668\" style=\"vertical-align: top;\" src=\"https:\/\/naturaalgerica.dz\/wp-content\/uploads\/2025\/06\/ROR.svg\" alt=\"ROR\"><\/a><\/li>\n\n\n\n<li><strong>MOULA\u00cf Riadh<\/strong>, Professeur <a title=\"Voir le profil ORCID\" href=\"https:\/\/orcid.org\/0000-0001-7935-4415\" target=\"_blank\" rel=\"nofollow noopener\"><img decoding=\"async\" width=\"24\" style=\"vertical-align: top;\" src=\"https:\/\/naturaalgerica.dz\/wp-content\/uploads\/2024\/12\/ORCID_iD.svg\" alt=\"ORCID\"><\/a> Laboratoire de Zoologie Appliqu\u00e9e, FSNV, Universit\u00e9 de B\u00e9ja\u00efa <a title=\"Voir l&#039;affiliation\" href=\"https:\/\/ror.org\/03yb2hp88\" target=\"_blank\" rel=\"nofollow noopener\"><img decoding=\"async\" width=\"33,668\" style=\"vertical-align: top;\" src=\"https:\/\/naturaalgerica.dz\/wp-content\/uploads\/2025\/06\/ROR.svg\" alt=\"ROR\"><\/a><\/li>\n\n\n\n<li><strong>REBBAS Khellaf<\/strong>, Professeur <a title=\"Voir le profil ORCID\" href=\"https:\/\/orcid.org\/0000-0002-2846-3838\" target=\"_blank\" rel=\"nofollow noopener\"><img decoding=\"async\" width=\"24\" style=\"vertical-align: top;\" src=\"https:\/\/naturaalgerica.dz\/wp-content\/uploads\/2024\/12\/ORCID_iD.svg\" alt=\"ORCID\"><\/a> Universit\u00e9 Mohamed Boudiaf, M&rsquo;sila <a title=\"Voir l&#039;affiliation\" href=\"https:\/\/ror.org\/055rz8d64\" target=\"_blank\" rel=\"nofollow noopener\"><img decoding=\"async\" width=\"33,668\" style=\"vertical-align: top;\" src=\"https:\/\/naturaalgerica.dz\/wp-content\/uploads\/2025\/06\/ROR.svg\" alt=\"ROR\"><\/a><\/li>\n\n\n\n<li><strong>SAIDI Boubakr<\/strong>, Ma\u00eetre de conf\u00e9rences <a href=\"https:\/\/orcid.org\/0000-0002-9010-0130\" target=\"_blank\" data-type=\"link\" data-id=\"https:\/\/orcid.org\/0000-0002-9010-0130\" rel=\"noreferrer noopener nofollow\"><img decoding=\"async\" width=\"24\" style=\"vertical-align: top;\" src=\"https:\/\/naturaalgerica.dz\/wp-content\/uploads\/2024\/12\/ORCID_iD.svg\" alt=\"ORCID\"><\/a> Universit\u00e9 Ibn Khaldoun, Tiaret <a title=\"Voir l&#039;affiliation\" href=\"https:\/\/ror.org\/018jjaw76\" target=\"_blank\" rel=\"nofollow noopener\"><img decoding=\"async\" width=\"33,668\" style=\"vertical-align: top;\" src=\"https:\/\/naturaalgerica.dz\/wp-content\/uploads\/2025\/06\/ROR.svg\" alt=\"ROR\"><\/a><\/li>\n\n\n\n<li><strong>ZATOUT Roukia<\/strong>, Ma\u00eetre de conf\u00e9rences &#8211; Universit\u00e9 de Blida&nbsp;1 <a title=\"Voir l&#039;affiliation\" href=\"https:\/\/ror.org\/03g41pw14\" target=\"_blank\" rel=\"nofollow noopener\"><img decoding=\"async\" width=\"33,668\" style=\"vertical-align: top;\" src=\"https:\/\/naturaalgerica.dz\/wp-content\/uploads\/2025\/06\/ROR.svg\" alt=\"ROR\"><\/a><\/li>\n<\/ul>\n<\/li>\n\n\n\n<li><strong>Linguistic revision:<\/strong>\n<ul class=\"wp-block-list\">\n<li><strong>VELA Errol<\/strong> (fran\u00e7ais)<\/li>\n\n\n\n<li><strong>FERAH Saad<\/strong> (fran\u00e7ais)<\/li>\n<\/ul>\n<\/li>\n\n\n\n<li class=\"translation-block\"><strong>Webmaster and Communication:<\/strong> Mehdi CHETIBI<\/li>\n<\/ul>\n\n\n\n<h2 class=\"wp-block-heading\" id=\"engagement\"><strong>Commitment to Scientific Quality<\/strong><\/h2>\n\n\n\n<p class=\"texte-justifie translation-block\">Each article published in <em>Natura Algerica<\/em> follows a rigorous peer-review process to ensure the scientific quality of the publications. A scientific committee, composed of professionals and experts in various fields of biology and ecology, supports the editorial board to ensure a thorough review of the publications. This voluntary work, based on solid scientific expertise and reflecting a commitment to accessible and participatory science, allows the journal to maintain a high level of rigor and reliability, thus contributing to the advancement of knowledge about Algerian nature, with the hope of contributing to its preservation.<\/p>\n\n\n\n<h2 class=\"wp-block-heading\" id=\"copyright\"><strong>Copyright and licence<\/strong><\/h2>\n\n\n\n<p class=\"texte-justifie translation-block\">The journal <em>Natura Algerica<\/em> is open access. Unless otherwise stated, all publications are under the Creative Commons license\u00a0<a href=\"https:\/\/creativecommons.org\/licenses\/by-nc\/4.0\/?ref=chooser-v1\" target=\"_blank\" rel=\"noreferrer noopener\">CC BY-NC 4.0\u00a0<img width=\"20\" height=\"20\" style=\"vertical-align: text-bottom\" src=\"https:\/\/mirrors.creativecommons.org\/presskit\/icons\/cc.svg\"><img width=\"20\" height=\"20\" style=\"vertical-align: text-bottom\" src=\"https:\/\/mirrors.creativecommons.org\/presskit\/icons\/by.svg\"><img width=\"20\" height=\"20\" style=\"vertical-align: text-bottom\" src=\"https:\/\/mirrors.creativecommons.org\/presskit\/icons\/nc.svg\"><\/a>, allowing anyone to view, use, share, distribute, and reproduce the articles for non-commercial purposes, provided the author and the source of the original publication are explicitly cited.<\/p>\n\n\n\n<div style=\"height:100px\" aria-hidden=\"true\" class=\"wp-block-spacer\"><\/div>\n\n\n\n<div class=\"wp-block-group is-horizontal is-content-justification-center is-nowrap is-layout-flex wp-container-core-group-is-layout-117b1173 wp-block-group-is-layout-flex\">\n<figure class=\"wp-block-image size-full is-resized\"><img decoding=\"async\" src=\"https:\/\/naturaalgerica.dz\/wp-content\/uploads\/2025\/02\/Logo-revue-vector.svg\" alt=\"\" class=\"wp-image-2421\" style=\"width:auto;height:150px\"\/><\/figure>\n\n\n\n<figure class=\"wp-block-image size-full is-resized\"><img decoding=\"async\" src=\"https:\/\/naturaalgerica.dz\/wp-content\/uploads\/2025\/01\/Logo-Association.svg\" alt=\"\" class=\"wp-image-2340\" style=\"width:auto;height:150px\"\/><\/figure>\n<\/div>\n\n\n\n<p><\/p>","protected":false},"excerpt":{"rendered":"<p>\u00c0 propos de la revue Natura Algerica Natura Algerica est une revue scientifique en acc\u00e8s libre, \u00e9dit\u00e9e par l&rsquo;association environnementale \u00c9cocirta qui depuis 2017 \u0153uvre pour encourager la publication d&rsquo;observations naturalistes. Lanc\u00e9e pour r\u00e9pondre \u00e0 la n\u00e9cessit\u00e9 de documenter et de partager la richesse naturelle alg\u00e9rienne, la revue est d\u00e9di\u00e9e aux amateurs comme aux professionnels. [&hellip;]<\/p>\n","protected":false},"author":1,"featured_media":0,"parent":0,"menu_order":0,"comment_status":"closed","ping_status":"closed","template":"","meta":{"_acf_changed":false,"footnotes":""},"class_list":["post-32","page","type-page","status-publish","hentry"],"blocksy_meta":{"page_structure_type":"type-2","styles_descriptor":{"styles":{"desktop":"[data-prefix=\"single_page\"] [class*=\"ct-container\"] > article[class*=\"post\"] {--has-boxed:var(--true);--has-wide:var(--false);background-color:var(--has-background, var(--theme-palette-color-8));--theme-boxed-content-border-radius:3px;--theme-boxed-content-spacing:40px;--theme-boxed-content-box-shadow:0px 12px 18px -6px rgba(34, 56, 101, 0.04);}","tablet":"[data-prefix=\"single_page\"] [class*=\"ct-container\"] > article[class*=\"post\"] {--theme-boxed-content-spacing:35px;}","mobile":"[data-prefix=\"single_page\"] [class*=\"ct-container\"] > article[class*=\"post\"] {--has-boxed:var(--false);--has-wide:var(--true);--theme-boxed-content-spacing:20px;}"},"google_fonts":[],"version":6},"vertical_spacing_source":"inherit","has_hero_section":"default","content_style_source":"custom","content_style":{"desktop":"boxed","tablet":"boxed","mobile":"wide","__changed":["mobile"]}},"acf":[],"_links":{"self":[{"href":"https:\/\/naturaalgerica.dz\/en\/wp-json\/wp\/v2\/pages\/32","targetHints":{"allow":["GET"]}}],"collection":[{"href":"https:\/\/naturaalgerica.dz\/en\/wp-json\/wp\/v2\/pages"}],"about":[{"href":"https:\/\/naturaalgerica.dz\/en\/wp-json\/wp\/v2\/types\/page"}],"author":[{"embeddable":true,"href":"https:\/\/naturaalgerica.dz\/en\/wp-json\/wp\/v2\/users\/1"}],"replies":[{"embeddable":true,"href":"https:\/\/naturaalgerica.dz\/en\/wp-json\/wp\/v2\/comments?post=32"}],"version-history":[{"count":64,"href":"https:\/\/naturaalgerica.dz\/en\/wp-json\/wp\/v2\/pages\/32\/revisions"}],"predecessor-version":[{"id":3267,"href":"https:\/\/naturaalgerica.dz\/en\/wp-json\/wp\/v2\/pages\/32\/revisions\/3267"}],"wp:attachment":[{"href":"https:\/\/naturaalgerica.dz\/en\/wp-json\/wp\/v2\/media?parent=32"}],"curies":[{"name":"wp","href":"https:\/\/api.w.org\/{rel}","templated":true}]}}