{"id":9,"date":"2024-10-08T01:28:18","date_gmt":"2024-10-08T01:28:18","guid":{"rendered":"https:\/\/naturaalgerica.dz\/?page_id=9"},"modified":"2025-09-08T13:43:44","modified_gmt":"2025-09-08T12:43:44","slug":"accueil","status":"publish","type":"page","link":"https:\/\/naturaalgerica.dz\/en\/","title":{"rendered":"HOME"},"content":{"rendered":"<div class=\"wp-block-group is-content-justification-center is-layout-flex wp-container-core-group-is-layout-52f4c923 wp-block-group-is-layout-flex\">\n<figure data-wp-context=\"{&quot;imageId&quot;:&quot;69e102216c1e0&quot;}\" data-wp-interactive=\"core\/image\" data-wp-key=\"69e102216c1e0\" class=\"wp-block-image alignleft size-large is-resized has-custom-border wp-lightbox-container\"><img loading=\"lazy\" decoding=\"async\" width=\"721\" height=\"1024\" data-wp-class--hide=\"state.isContentHidden\" data-wp-class--show=\"state.isContentVisible\" data-wp-init=\"callbacks.setButtonStyles\" data-wp-on--click=\"actions.showLightbox\" data-wp-on--load=\"callbacks.setButtonStyles\" data-wp-on-window--resize=\"callbacks.setButtonStyles\" src=\"https:\/\/naturaalgerica.dz\/wp-content\/uploads\/2024\/10\/Natura-Algerica-11-2024-721x1024.jpg\" alt=\"\" class=\"wp-image-1014\" style=\"border-width:1px;border-radius:0px;box-shadow:var(--wp--preset--shadow--natural);width:240px\" srcset=\"https:\/\/naturaalgerica.dz\/wp-content\/uploads\/2024\/10\/Natura-Algerica-11-2024-721x1024.jpg 721w, https:\/\/naturaalgerica.dz\/wp-content\/uploads\/2024\/10\/Natura-Algerica-11-2024-211x300.jpg 211w, https:\/\/naturaalgerica.dz\/wp-content\/uploads\/2024\/10\/Natura-Algerica-11-2024-768x1090.jpg 768w, https:\/\/naturaalgerica.dz\/wp-content\/uploads\/2024\/10\/Natura-Algerica-11-2024-1082x1536.jpg 1082w, https:\/\/naturaalgerica.dz\/wp-content\/uploads\/2024\/10\/Natura-Algerica-11-2024-1442x2048.jpg 1442w, https:\/\/naturaalgerica.dz\/wp-content\/uploads\/2024\/10\/Natura-Algerica-11-2024-205x291.jpg 205w, https:\/\/naturaalgerica.dz\/wp-content\/uploads\/2024\/10\/Natura-Algerica-11-2024-480x682.jpg 480w, https:\/\/naturaalgerica.dz\/wp-content\/uploads\/2024\/10\/Natura-Algerica-11-2024.jpg 1748w\" sizes=\"auto, (max-width: 721px) 100vw, 721px\" \/><button\n\t\t\tclass=\"lightbox-trigger\"\n\t\t\ttype=\"button\"\n\t\t\taria-haspopup=\"dialog\"\n\t\t\taria-label=\"Enlarge\"\n\t\t\tdata-wp-init=\"callbacks.initTriggerButton\"\n\t\t\tdata-wp-on--click=\"actions.showLightbox\"\n\t\t\tdata-wp-style--right=\"state.imageButtonRight\"\n\t\t\tdata-wp-style--top=\"state.imageButtonTop\"\n\t\t>\n\t\t\t<svg xmlns=\"http:\/\/www.w3.org\/2000\/svg\" width=\"12\" height=\"12\" fill=\"none\" viewbox=\"0 0 12 12\">\n\t\t\t\t<path fill=\"#fff\" d=\"M2 0a2 2 0 0 0-2 2v2h1.5V2a.5.5 0 0 1 .5-.5h2V0H2Zm2 10.5H2a.5.5 0 0 1-.5-.5V8H0v2a2 2 0 0 0 2 2h2v-1.5ZM8 12v-1.5h2a.5.5 0 0 0 .5-.5V8H12v2a2 2 0 0 1-2 2H8Zm2-12a2 2 0 0 1 2 2v2h-1.5V2a.5.5 0 0 0-.5-.5H8V0h2Z\" \/>\n\t\t\t<\/svg>\n\t\t<\/button><\/figure>\n\n\n\n<p class=\"has-text-align-left texte-justifie has-text-color has-link-color wp-elements-71fb9f872668bb21ca3642753648f5f0 wp-container-content-432d1f4f\" style=\"color:#000000;font-size:clamp(14px, 0.875rem + ((1vw - 3.2px) * 0.078), 15px);\"><strong>NATURA ALGERICA<\/strong><br>... is a naturalist journal edited by the environmental association \u00c9coCirta, Constantine (Algeria). It is published both in print and digital versions on a biannual basis. Its editorial board consists of Algerian and international scientists and experts specializing in various fields of ecology, environment, and wildlife.<br>NATURA ALGERICA is open access. Its diverse content consists of original articles, notes, and travel reports, primarily focused on Algeria's fauna and flora. The number of articles and notes in each issue is flexible.<br>Each issue aims to offer a wide variety of topics. Our selection process ensures a balance of themes and fields, providing readers with rich and well-rounded editions.<\/p>\n<\/div>\n\n\n\n<p><\/p>","protected":false},"excerpt":{"rendered":"<p>NATURA ALGERICA\u2026 est une revue naturaliste \u00e9dit\u00e9e par l\u2019association environnementale \u00c9coCirta, Constantine (Alg\u00e9rie), publi\u00e9e en version papier et num\u00e9rique \u00e0 un rythme semestriel. Son comit\u00e9 de lecture est compos\u00e9 de scientifiques et d&rsquo;experts alg\u00e9riens et \u00e9trangers sp\u00e9cialistes de domaines vari\u00e9s de l&rsquo;\u00e9cologie, l&rsquo;environnement et la vie sauvage.NATURA ALGERICA est en acc\u00e8s libre. Son contenu vari\u00e9, [&hellip;]<\/p>\n","protected":false},"author":1,"featured_media":0,"parent":0,"menu_order":0,"comment_status":"closed","ping_status":"closed","template":"","meta":{"_acf_changed":false,"footnotes":""},"class_list":["post-9","page","type-page","status-publish","hentry"],"blocksy_meta":{"content_style_source":"inherit","vertical_spacing_source":"inherit","styles_descriptor":{"styles":{"desktop":"","tablet":"","mobile":""},"google_fonts":[],"version":6},"has_hero_section":"disabled","page_structure_type":"type-4"},"acf":[],"_links":{"self":[{"href":"https:\/\/naturaalgerica.dz\/en\/wp-json\/wp\/v2\/pages\/9","targetHints":{"allow":["GET"]}}],"collection":[{"href":"https:\/\/naturaalgerica.dz\/en\/wp-json\/wp\/v2\/pages"}],"about":[{"href":"https:\/\/naturaalgerica.dz\/en\/wp-json\/wp\/v2\/types\/page"}],"author":[{"embeddable":true,"href":"https:\/\/naturaalgerica.dz\/en\/wp-json\/wp\/v2\/users\/1"}],"replies":[{"embeddable":true,"href":"https:\/\/naturaalgerica.dz\/en\/wp-json\/wp\/v2\/comments?post=9"}],"version-history":[{"count":31,"href":"https:\/\/naturaalgerica.dz\/en\/wp-json\/wp\/v2\/pages\/9\/revisions"}],"predecessor-version":[{"id":3419,"href":"https:\/\/naturaalgerica.dz\/en\/wp-json\/wp\/v2\/pages\/9\/revisions\/3419"}],"wp:attachment":[{"href":"https:\/\/naturaalgerica.dz\/en\/wp-json\/wp\/v2\/media?parent=9"}],"curies":[{"name":"wp","href":"https:\/\/api.w.org\/{rel}","templated":true}]}}